{"id":887,"date":"2024-08-22T09:04:07","date_gmt":"2024-08-22T14:04:07","guid":{"rendered":"https:\/\/rentaautoflorida.com\/?page_id=887"},"modified":"2024-08-22T10:09:12","modified_gmt":"2024-08-22T15:09:12","slug":"quienes-somos","status":"publish","type":"page","link":"https:\/\/rentaautoflorida.com\/af\/quienes-somos\/","title":{"rendered":"Quienes somos"},"content":{"rendered":"<div data-elementor-type=\"wp-page\" data-elementor-id=\"887\" class=\"elementor elementor-887\">\n\t\t\t\t<div class=\"elementor-element elementor-element-75d0f8a e-con-full e-flex e-con e-parent\" data-id=\"75d0f8a\" data-element_type=\"container\">\n\t\t\t\t<div class=\"elementor-element elementor-element-0c113dd elementor-widget elementor-widget-image\" data-id=\"0c113dd\" data-element_type=\"widget\" data-widget_type=\"image.default\">\n\t\t\t\t<div class=\"elementor-widget-container\">\n\t\t\t\t\t\t\t\t\t\t\t\t\t\t\t<img fetchpriority=\"high\" decoding=\"async\" width=\"1920\" height=\"765\" src=\"https:\/\/rentaautoflorida.com\/wp-content\/uploads\/2024\/08\/Equipo.jpg\" class=\"attachment-full size-full wp-image-890\" alt=\"\" srcset=\"https:\/\/rentaautoflorida.com\/wp-content\/uploads\/2024\/08\/Equipo.jpg 1920w, https:\/\/rentaautoflorida.com\/wp-content\/uploads\/2024\/08\/Equipo-300x120.jpg 300w, https:\/\/rentaautoflorida.com\/wp-content\/uploads\/2024\/08\/Equipo-1024x408.jpg 1024w, https:\/\/rentaautoflorida.com\/wp-content\/uploads\/2024\/08\/Equipo-768x306.jpg 768w, https:\/\/rentaautoflorida.com\/wp-content\/uploads\/2024\/08\/Equipo-1536x612.jpg 1536w, https:\/\/rentaautoflorida.com\/wp-content\/uploads\/2024\/08\/Equipo-18x7.jpg 18w, https:\/\/rentaautoflorida.com\/wp-content\/uploads\/2024\/08\/Equipo-50x20.jpg 50w, https:\/\/rentaautoflorida.com\/wp-content\/uploads\/2024\/08\/Equipo-100x40.jpg 100w, https:\/\/rentaautoflorida.com\/wp-content\/uploads\/2024\/08\/Equipo-512x204.jpg 512w, https:\/\/rentaautoflorida.com\/wp-content\/uploads\/2024\/08\/Equipo-740x295.jpg 740w\" sizes=\"(max-width: 1920px) 100vw, 1920px\" \/>\t\t\t\t\t\t\t\t\t\t\t\t\t\t\t<\/div>\n\t\t\t\t<\/div>\n\t\t<div class=\"elementor-element elementor-element-6a2263e e-flex e-con-boxed e-con e-child\" data-id=\"6a2263e\" data-element_type=\"container\">\n\t\t\t\t\t<div class=\"e-con-inner\">\n\t\t\t\t<div class=\"elementor-element elementor-element-19186df elementor-widget elementor-widget-spacer\" data-id=\"19186df\" data-element_type=\"widget\" data-widget_type=\"spacer.default\">\n\t\t\t\t<div class=\"elementor-widget-container\">\n\t\t\t\t\t\t\t<div class=\"elementor-spacer\">\n\t\t\t<div class=\"elementor-spacer-inner\"><\/div>\n\t\t<\/div>\n\t\t\t\t\t\t<\/div>\n\t\t\t\t<\/div>\n\t\t\t\t<div class=\"elementor-element elementor-element-7bdd99e elementor-widget elementor-widget-heading\" data-id=\"7bdd99e\" data-element_type=\"widget\" data-widget_type=\"heading.default\">\n\t\t\t\t<div class=\"elementor-widget-container\">\n\t\t\t\t\t<h4 class=\"elementor-heading-title elementor-size-default\">En Renta Auto Florida, estamos dedicados a brindarte una experiencia de renta de autos excepcional, basada en la transparencia, la confianza y la satisfacci\u00f3n del cliente.<\/h4>\t\t\t\t<\/div>\n\t\t\t\t<\/div>\n\t\t\t\t<div class=\"elementor-element elementor-element-d42035c elementor-widget elementor-widget-text-editor\" data-id=\"d42035c\" data-element_type=\"widget\" data-widget_type=\"text-editor.default\">\n\t\t\t\t<div class=\"elementor-widget-container\">\n\t\t\t\t\t\t\t\t\t<p>Desde nuestros inicios, hemos entendido que rentar un auto va m\u00e1s all\u00e1 de simplemente elegir un veh\u00edculo. Se trata de ofrecerte comodidad, seguridad y un servicio de calidad que te permita disfrutar de tu viaje con total tranquilidad. Ya sea que est\u00e9s en Florida por negocios o por placer, nuestro objetivo es hacer que cada aspecto de tu experiencia de renta sea f\u00e1cil y agradable.<\/p>\t\t\t\t\t\t\t\t<\/div>\n\t\t\t\t<\/div>\n\t\t\t\t\t<\/div>\n\t\t\t\t<\/div>\n\t\t\t\t<\/div>\n\t\t<div class=\"elementor-element elementor-element-07856ef e-flex e-con-boxed e-con e-parent\" data-id=\"07856ef\" data-element_type=\"container\">\n\t\t\t\t\t<div class=\"e-con-inner\">\n\t\t<div class=\"elementor-element elementor-element-fd6aa6a e-con-full e-flex e-con e-child\" data-id=\"fd6aa6a\" data-element_type=\"container\">\n\t\t\t\t<div class=\"elementor-element elementor-element-283c6d8 elementor-widget elementor-widget-image\" data-id=\"283c6d8\" data-element_type=\"widget\" data-widget_type=\"image.default\">\n\t\t\t\t<div class=\"elementor-widget-container\">\n\t\t\t\t\t\t\t\t\t\t\t\t\t\t\t<img decoding=\"async\" width=\"1080\" height=\"540\" src=\"https:\/\/rentaautoflorida.com\/wp-content\/uploads\/2024\/08\/Satisfaccion-renta-auto-pagina.jpg\" class=\"attachment-full size-full wp-image-892\" alt=\"\" srcset=\"https:\/\/rentaautoflorida.com\/wp-content\/uploads\/2024\/08\/Satisfaccion-renta-auto-pagina.jpg 1080w, https:\/\/rentaautoflorida.com\/wp-content\/uploads\/2024\/08\/Satisfaccion-renta-auto-pagina-300x150.jpg 300w, https:\/\/rentaautoflorida.com\/wp-content\/uploads\/2024\/08\/Satisfaccion-renta-auto-pagina-1024x512.jpg 1024w, https:\/\/rentaautoflorida.com\/wp-content\/uploads\/2024\/08\/Satisfaccion-renta-auto-pagina-768x384.jpg 768w, https:\/\/rentaautoflorida.com\/wp-content\/uploads\/2024\/08\/Satisfaccion-renta-auto-pagina-18x9.jpg 18w, https:\/\/rentaautoflorida.com\/wp-content\/uploads\/2024\/08\/Satisfaccion-renta-auto-pagina-50x25.jpg 50w, https:\/\/rentaautoflorida.com\/wp-content\/uploads\/2024\/08\/Satisfaccion-renta-auto-pagina-100x50.jpg 100w, https:\/\/rentaautoflorida.com\/wp-content\/uploads\/2024\/08\/Satisfaccion-renta-auto-pagina-512x256.jpg 512w, https:\/\/rentaautoflorida.com\/wp-content\/uploads\/2024\/08\/Satisfaccion-renta-auto-pagina-740x370.jpg 740w\" sizes=\"(max-width: 1080px) 100vw, 1080px\" \/>\t\t\t\t\t\t\t\t\t\t\t\t\t\t\t<\/div>\n\t\t\t\t<\/div>\n\t\t\t\t<\/div>\n\t\t<div class=\"elementor-element elementor-element-16101dd e-con-full e-flex e-con e-child\" data-id=\"16101dd\" data-element_type=\"container\">\n\t\t\t\t<div class=\"elementor-element elementor-element-0aebcdc elementor-widget elementor-widget-spacer\" data-id=\"0aebcdc\" data-element_type=\"widget\" data-widget_type=\"spacer.default\">\n\t\t\t\t<div class=\"elementor-widget-container\">\n\t\t\t\t\t\t\t<div class=\"elementor-spacer\">\n\t\t\t<div class=\"elementor-spacer-inner\"><\/div>\n\t\t<\/div>\n\t\t\t\t\t\t<\/div>\n\t\t\t\t<\/div>\n\t\t\t\t<div class=\"elementor-element elementor-element-5369962 elementor-widget elementor-widget-text-editor\" data-id=\"5369962\" data-element_type=\"widget\" data-widget_type=\"text-editor.default\">\n\t\t\t\t<div class=\"elementor-widget-container\">\n\t\t\t\t\t\t\t\t\t<p style=\"text-align: left;\"><strong><p style=\"text-align: justify;\">Tu satisfacci\u00f3n es nuestra prioridad<\/strong>, y por eso hemos implementado un innovador sistema de puntos que te recompensa en cada paso del camino. Desde que te registras en nuestra p\u00e1gina web, haces una reserva, nos refieres a tus amigos o compartes tu experiencia, te estamos recompensando por elegirnos y confiar en nosotros.<\/p>\t\t\t\t\t\t\t\t<\/div>\n\t\t\t\t<\/div>\n\t\t\t\t<\/div>\n\t\t\t\t\t<\/div>\n\t\t\t\t<\/div>\n\t\t<div class=\"elementor-element elementor-element-442f625 e-flex e-con-boxed e-con e-parent\" data-id=\"442f625\" data-element_type=\"container\">\n\t\t\t\t\t<div class=\"e-con-inner\">\n\t\t<div class=\"elementor-element elementor-element-982e364 e-con-full e-flex e-con e-child\" data-id=\"982e364\" data-element_type=\"container\">\n\t\t\t\t<div class=\"elementor-element elementor-element-2a7d132 elementor-widget elementor-widget-spacer\" data-id=\"2a7d132\" data-element_type=\"widget\" data-widget_type=\"spacer.default\">\n\t\t\t\t<div class=\"elementor-widget-container\">\n\t\t\t\t\t\t\t<div class=\"elementor-spacer\">\n\t\t\t<div class=\"elementor-spacer-inner\"><\/div>\n\t\t<\/div>\n\t\t\t\t\t\t<\/div>\n\t\t\t\t<\/div>\n\t\t\t\t<div class=\"elementor-element elementor-element-4802e7c elementor-widget elementor-widget-text-editor\" data-id=\"4802e7c\" data-element_type=\"widget\" data-widget_type=\"text-editor.default\">\n\t\t\t\t<div class=\"elementor-widget-container\">\n\t\t\t\t\t\t\t\t\t<p style=\"text-align: right;\"><strong><p style=\"text-align: justify;\">Creemos en la transparencia y en construir relaciones de confianza<\/strong> con nuestros clientes. Cada punto que ganas es un reflejo de nuestro compromiso contigo. Queremos que te sientas valorado y que disfrutes al m\u00e1ximo de los beneficios que ofrecemos, haciendo que tu experiencia con Renta Auto Florida sea a\u00fan m\u00e1s gratificante.<\/p>\t\t\t\t\t\t\t\t<\/div>\n\t\t\t\t<\/div>\n\t\t\t\t<\/div>\n\t\t<div class=\"elementor-element elementor-element-3a1155b e-con-full e-flex e-con e-child\" data-id=\"3a1155b\" data-element_type=\"container\">\n\t\t\t\t<div class=\"elementor-element elementor-element-865bd3f elementor-widget elementor-widget-image\" data-id=\"865bd3f\" data-element_type=\"widget\" data-widget_type=\"image.default\">\n\t\t\t\t<div class=\"elementor-widget-container\">\n\t\t\t\t\t\t\t\t\t\t\t\t\t\t\t<img decoding=\"async\" width=\"1080\" height=\"540\" src=\"https:\/\/rentaautoflorida.com\/wp-content\/uploads\/2024\/08\/Satisfaccion-renta-auto-pagina-1.jpg\" class=\"attachment-full size-full wp-image-896\" alt=\"\" srcset=\"https:\/\/rentaautoflorida.com\/wp-content\/uploads\/2024\/08\/Satisfaccion-renta-auto-pagina-1.jpg 1080w, https:\/\/rentaautoflorida.com\/wp-content\/uploads\/2024\/08\/Satisfaccion-renta-auto-pagina-1-300x150.jpg 300w, https:\/\/rentaautoflorida.com\/wp-content\/uploads\/2024\/08\/Satisfaccion-renta-auto-pagina-1-1024x512.jpg 1024w, https:\/\/rentaautoflorida.com\/wp-content\/uploads\/2024\/08\/Satisfaccion-renta-auto-pagina-1-768x384.jpg 768w, https:\/\/rentaautoflorida.com\/wp-content\/uploads\/2024\/08\/Satisfaccion-renta-auto-pagina-1-18x9.jpg 18w, https:\/\/rentaautoflorida.com\/wp-content\/uploads\/2024\/08\/Satisfaccion-renta-auto-pagina-1-50x25.jpg 50w, https:\/\/rentaautoflorida.com\/wp-content\/uploads\/2024\/08\/Satisfaccion-renta-auto-pagina-1-100x50.jpg 100w, https:\/\/rentaautoflorida.com\/wp-content\/uploads\/2024\/08\/Satisfaccion-renta-auto-pagina-1-512x256.jpg 512w, https:\/\/rentaautoflorida.com\/wp-content\/uploads\/2024\/08\/Satisfaccion-renta-auto-pagina-1-740x370.jpg 740w\" sizes=\"(max-width: 1080px) 100vw, 1080px\" \/>\t\t\t\t\t\t\t\t\t\t\t\t\t\t\t<\/div>\n\t\t\t\t<\/div>\n\t\t\t\t<\/div>\n\t\t\t\t\t<\/div>\n\t\t\t\t<\/div>\n\t\t<div class=\"elementor-element elementor-element-e1d88f5 e-flex e-con-boxed e-con e-parent\" data-id=\"e1d88f5\" data-element_type=\"container\">\n\t\t\t\t\t<div class=\"e-con-inner\">\n\t\t\t\t<div class=\"elementor-element elementor-element-8b6babb elementor-widget elementor-widget-spacer\" data-id=\"8b6babb\" data-element_type=\"widget\" data-widget_type=\"spacer.default\">\n\t\t\t\t<div class=\"elementor-widget-container\">\n\t\t\t\t\t\t\t<div class=\"elementor-spacer\">\n\t\t\t<div class=\"elementor-spacer-inner\"><\/div>\n\t\t<\/div>\n\t\t\t\t\t\t<\/div>\n\t\t\t\t<\/div>\n\t\t\t\t\t<\/div>\n\t\t\t\t<\/div>\n\t\t<div class=\"elementor-element elementor-element-222b7f9 e-con-full elementor-hidden-tablet elementor-hidden-mobile e-flex e-con e-parent\" data-id=\"222b7f9\" data-element_type=\"container\">\n\t\t\t\t<div class=\"elementor-element elementor-element-6995980 elementor-widget elementor-widget-image\" data-id=\"6995980\" data-element_type=\"widget\" data-widget_type=\"image.default\">\n\t\t\t\t<div class=\"elementor-widget-container\">\n\t\t\t\t\t\t\t\t\t\t\t\t\t\t\t<img loading=\"lazy\" decoding=\"async\" width=\"1920\" height=\"491\" src=\"https:\/\/rentaautoflorida.com\/wp-content\/uploads\/2024\/08\/renta-auto-quienes-somos-1.jpg\" class=\"attachment-full size-full wp-image-906\" alt=\"Call center ventas Renta Auto Florida CAR RENTAL EN ORLANDO MIAMI\" srcset=\"https:\/\/rentaautoflorida.com\/wp-content\/uploads\/2024\/08\/renta-auto-quienes-somos-1.jpg 1920w, https:\/\/rentaautoflorida.com\/wp-content\/uploads\/2024\/08\/renta-auto-quienes-somos-1-300x77.jpg 300w, https:\/\/rentaautoflorida.com\/wp-content\/uploads\/2024\/08\/renta-auto-quienes-somos-1-1024x262.jpg 1024w, https:\/\/rentaautoflorida.com\/wp-content\/uploads\/2024\/08\/renta-auto-quienes-somos-1-768x196.jpg 768w, https:\/\/rentaautoflorida.com\/wp-content\/uploads\/2024\/08\/renta-auto-quienes-somos-1-1536x393.jpg 1536w, https:\/\/rentaautoflorida.com\/wp-content\/uploads\/2024\/08\/renta-auto-quienes-somos-1-18x5.jpg 18w, https:\/\/rentaautoflorida.com\/wp-content\/uploads\/2024\/08\/renta-auto-quienes-somos-1-50x13.jpg 50w, https:\/\/rentaautoflorida.com\/wp-content\/uploads\/2024\/08\/renta-auto-quienes-somos-1-100x26.jpg 100w, https:\/\/rentaautoflorida.com\/wp-content\/uploads\/2024\/08\/renta-auto-quienes-somos-1-512x131.jpg 512w, https:\/\/rentaautoflorida.com\/wp-content\/uploads\/2024\/08\/renta-auto-quienes-somos-1-740x189.jpg 740w\" sizes=\"(max-width: 1920px) 100vw, 1920px\" \/>\t\t\t\t\t\t\t\t\t\t\t\t\t\t\t<\/div>\n\t\t\t\t<\/div>\n\t\t\t\t<\/div>\n\t\t<div class=\"elementor-element elementor-element-7e4b682 e-con-full elementor-hidden-desktop e-flex e-con e-parent\" data-id=\"7e4b682\" data-element_type=\"container\">\n\t\t\t\t<div class=\"elementor-element elementor-element-78996fc elementor-widget elementor-widget-image\" data-id=\"78996fc\" data-element_type=\"widget\" data-widget_type=\"image.default\">\n\t\t\t\t<div class=\"elementor-widget-container\">\n\t\t\t\t\t\t\t\t\t\t\t\t\t\t\t<img loading=\"lazy\" decoding=\"async\" width=\"960\" height=\"840\" src=\"https:\/\/rentaautoflorida.com\/wp-content\/uploads\/2024\/08\/renta-auto-quienes-somos-movil.jpg\" class=\"attachment-full size-full wp-image-910\" alt=\"\" srcset=\"https:\/\/rentaautoflorida.com\/wp-content\/uploads\/2024\/08\/renta-auto-quienes-somos-movil.jpg 960w, https:\/\/rentaautoflorida.com\/wp-content\/uploads\/2024\/08\/renta-auto-quienes-somos-movil-300x263.jpg 300w, https:\/\/rentaautoflorida.com\/wp-content\/uploads\/2024\/08\/renta-auto-quienes-somos-movil-768x672.jpg 768w, https:\/\/rentaautoflorida.com\/wp-content\/uploads\/2024\/08\/renta-auto-quienes-somos-movil-14x12.jpg 14w, https:\/\/rentaautoflorida.com\/wp-content\/uploads\/2024\/08\/renta-auto-quienes-somos-movil-50x44.jpg 50w, https:\/\/rentaautoflorida.com\/wp-content\/uploads\/2024\/08\/renta-auto-quienes-somos-movil-100x88.jpg 100w, https:\/\/rentaautoflorida.com\/wp-content\/uploads\/2024\/08\/renta-auto-quienes-somos-movil-512x448.jpg 512w, https:\/\/rentaautoflorida.com\/wp-content\/uploads\/2024\/08\/renta-auto-quienes-somos-movil-740x648.jpg 740w\" sizes=\"(max-width: 960px) 100vw, 960px\" \/>\t\t\t\t\t\t\t\t\t\t\t\t\t\t\t<\/div>\n\t\t\t\t<\/div>\n\t\t\t\t<\/div>\n\t\t\t\t<\/div>","protected":false},"excerpt":{"rendered":"<p>En Renta Auto Florida, estamos dedicados a brindarte una experiencia de renta de autos excepcional, basada en la transparencia, la confianza y la satisfacci\u00f3n del cliente. Desde nuestros inicios, hemos entendido que rentar un auto va m\u00e1s all\u00e1 de simplemente elegir un veh\u00edculo. Se trata de ofrecerte comodidad, seguridad y un servicio de calidad que [&hellip;]<\/p>","protected":false},"author":1,"featured_media":0,"parent":0,"menu_order":0,"comment_status":"closed","ping_status":"closed","template":"elementor_header_footer","meta":{"_glsr_average":0,"_glsr_ranking":0,"_glsr_reviews":0,"footnotes":""},"class_list":["post-887","page","type-page","status-publish","hentry"],"yoast_head":"<!-- This site is optimized with the Yoast SEO plugin v24.8.1 - https:\/\/yoast.com\/wordpress\/plugins\/seo\/ -->\n<title>Quienes somos - Renta Auto Florida<\/title>\n<meta name=\"robots\" content=\"index, follow, max-snippet:-1, max-image-preview:large, max-video-preview:-1\" \/>\n<link rel=\"canonical\" href=\"https:\/\/rentaautoflorida.com\/af\/quienes-somos\/\" \/>\n<meta property=\"og:locale\" content=\"en_US\" \/>\n<meta property=\"og:type\" content=\"article\" \/>\n<meta property=\"og:title\" content=\"Quienes somos - Renta Auto Florida\" \/>\n<meta property=\"og:description\" content=\"En Renta Auto Florida, estamos dedicados a brindarte una experiencia de renta de autos excepcional, basada en la transparencia, la confianza y la satisfacci\u00f3n del cliente. Desde nuestros inicios, hemos entendido que rentar un auto va m\u00e1s all\u00e1 de simplemente elegir un veh\u00edculo. Se trata de ofrecerte comodidad, seguridad y un servicio de calidad que [&hellip;]\" \/>\n<meta property=\"og:url\" content=\"https:\/\/rentaautoflorida.com\/af\/quienes-somos\/\" \/>\n<meta property=\"og:site_name\" content=\"Renta Auto Florida\" \/>\n<meta property=\"article:modified_time\" content=\"2024-08-22T15:09:12+00:00\" \/>\n<meta property=\"og:image\" content=\"https:\/\/rentaautoflorida.com\/wp-content\/uploads\/2024\/08\/Equipo.jpg\" \/>\n<meta name=\"twitter:card\" content=\"summary_large_image\" \/>\n<meta name=\"twitter:label1\" content=\"Est. reading time\" \/>\n\t<meta name=\"twitter:data1\" content=\"1 minuut\" \/>\n<script type=\"application\/ld+json\" class=\"yoast-schema-graph\">{\"@context\":\"https:\/\/schema.org\",\"@graph\":[{\"@type\":\"WebPage\",\"@id\":\"https:\/\/rentaautoflorida.com\/quienes-somos\/\",\"url\":\"https:\/\/rentaautoflorida.com\/quienes-somos\/\",\"name\":\"Quienes somos - Renta Auto Florida\",\"isPartOf\":{\"@id\":\"https:\/\/rentaautoflorida.com\/#website\"},\"primaryImageOfPage\":{\"@id\":\"https:\/\/rentaautoflorida.com\/quienes-somos\/#primaryimage\"},\"image\":{\"@id\":\"https:\/\/rentaautoflorida.com\/quienes-somos\/#primaryimage\"},\"thumbnailUrl\":\"https:\/\/rentaautoflorida.com\/wp-content\/uploads\/2024\/08\/Equipo.jpg\",\"datePublished\":\"2024-08-22T14:04:07+00:00\",\"dateModified\":\"2024-08-22T15:09:12+00:00\",\"breadcrumb\":{\"@id\":\"https:\/\/rentaautoflorida.com\/quienes-somos\/#breadcrumb\"},\"inLanguage\":\"af-ZA\",\"potentialAction\":[{\"@type\":\"ReadAction\",\"target\":[\"https:\/\/rentaautoflorida.com\/quienes-somos\/\"]}]},{\"@type\":\"ImageObject\",\"inLanguage\":\"af-ZA\",\"@id\":\"https:\/\/rentaautoflorida.com\/quienes-somos\/#primaryimage\",\"url\":\"https:\/\/rentaautoflorida.com\/wp-content\/uploads\/2024\/08\/Equipo.jpg\",\"contentUrl\":\"https:\/\/rentaautoflorida.com\/wp-content\/uploads\/2024\/08\/Equipo.jpg\"},{\"@type\":\"BreadcrumbList\",\"@id\":\"https:\/\/rentaautoflorida.com\/quienes-somos\/#breadcrumb\",\"itemListElement\":[{\"@type\":\"ListItem\",\"position\":1,\"name\":\"Inicio\",\"item\":\"https:\/\/rentaautoflorida.com\/rentar-auto\/\"},{\"@type\":\"ListItem\",\"position\":2,\"name\":\"Quienes somos\"}]},{\"@type\":\"WebSite\",\"@id\":\"https:\/\/rentaautoflorida.com\/#website\",\"url\":\"https:\/\/rentaautoflorida.com\/\",\"name\":\"Renta Auto Florida\",\"description\":\"\",\"publisher\":{\"@id\":\"https:\/\/rentaautoflorida.com\/#organization\"},\"potentialAction\":[{\"@type\":\"SearchAction\",\"target\":{\"@type\":\"EntryPoint\",\"urlTemplate\":\"https:\/\/rentaautoflorida.com\/?s={search_term_string}\"},\"query-input\":{\"@type\":\"PropertyValueSpecification\",\"valueRequired\":true,\"valueName\":\"search_term_string\"}}],\"inLanguage\":\"af-ZA\"},{\"@type\":\"Organization\",\"@id\":\"https:\/\/rentaautoflorida.com\/#organization\",\"name\":\"Renta Auto Florida\",\"url\":\"https:\/\/rentaautoflorida.com\/\",\"logo\":{\"@type\":\"ImageObject\",\"inLanguage\":\"af-ZA\",\"@id\":\"https:\/\/rentaautoflorida.com\/#\/schema\/logo\/image\/\",\"url\":\"https:\/\/rentaautoflorida.com\/wp-content\/uploads\/2024\/07\/cropped-cropped-Logo-nueva-imagen-renta-auto-florida-2.png\",\"contentUrl\":\"https:\/\/rentaautoflorida.com\/wp-content\/uploads\/2024\/07\/cropped-cropped-Logo-nueva-imagen-renta-auto-florida-2.png\",\"width\":200,\"height\":100,\"caption\":\"Renta Auto Florida\"},\"image\":{\"@id\":\"https:\/\/rentaautoflorida.com\/#\/schema\/logo\/image\/\"}}]}<\/script>\n<!-- \/ Yoast SEO plugin. -->","yoast_head_json":{"title":"Quienes somos - Renta Auto Florida","robots":{"index":"index","follow":"follow","max-snippet":"max-snippet:-1","max-image-preview":"max-image-preview:large","max-video-preview":"max-video-preview:-1"},"canonical":"https:\/\/rentaautoflorida.com\/af\/quienes-somos\/","og_locale":"en_US","og_type":"article","og_title":"Quienes somos - Renta Auto Florida","og_description":"En Renta Auto Florida, estamos dedicados a brindarte una experiencia de renta de autos excepcional, basada en la transparencia, la confianza y la satisfacci\u00f3n del cliente. Desde nuestros inicios, hemos entendido que rentar un auto va m\u00e1s all\u00e1 de simplemente elegir un veh\u00edculo. Se trata de ofrecerte comodidad, seguridad y un servicio de calidad que [&hellip;]","og_url":"https:\/\/rentaautoflorida.com\/af\/quienes-somos\/","og_site_name":"Renta Auto Florida","article_modified_time":"2024-08-22T15:09:12+00:00","og_image":[{"url":"https:\/\/rentaautoflorida.com\/wp-content\/uploads\/2024\/08\/Equipo.jpg","type":"","width":"","height":""}],"twitter_card":"summary_large_image","twitter_misc":{"Est. reading time":"1 minuut"},"schema":{"@context":"https:\/\/schema.org","@graph":[{"@type":"WebPage","@id":"https:\/\/rentaautoflorida.com\/quienes-somos\/","url":"https:\/\/rentaautoflorida.com\/quienes-somos\/","name":"Quienes somos - Renta Auto Florida","isPartOf":{"@id":"https:\/\/rentaautoflorida.com\/#website"},"primaryImageOfPage":{"@id":"https:\/\/rentaautoflorida.com\/quienes-somos\/#primaryimage"},"image":{"@id":"https:\/\/rentaautoflorida.com\/quienes-somos\/#primaryimage"},"thumbnailUrl":"https:\/\/rentaautoflorida.com\/wp-content\/uploads\/2024\/08\/Equipo.jpg","datePublished":"2024-08-22T14:04:07+00:00","dateModified":"2024-08-22T15:09:12+00:00","breadcrumb":{"@id":"https:\/\/rentaautoflorida.com\/quienes-somos\/#breadcrumb"},"inLanguage":"af-ZA","potentialAction":[{"@type":"ReadAction","target":["https:\/\/rentaautoflorida.com\/quienes-somos\/"]}]},{"@type":"ImageObject","inLanguage":"af-ZA","@id":"https:\/\/rentaautoflorida.com\/quienes-somos\/#primaryimage","url":"https:\/\/rentaautoflorida.com\/wp-content\/uploads\/2024\/08\/Equipo.jpg","contentUrl":"https:\/\/rentaautoflorida.com\/wp-content\/uploads\/2024\/08\/Equipo.jpg"},{"@type":"BreadcrumbList","@id":"https:\/\/rentaautoflorida.com\/quienes-somos\/#breadcrumb","itemListElement":[{"@type":"ListItem","position":1,"name":"Inicio","item":"https:\/\/rentaautoflorida.com\/rentar-auto\/"},{"@type":"ListItem","position":2,"name":"Quienes somos"}]},{"@type":"WebSite","@id":"https:\/\/rentaautoflorida.com\/#website","url":"https:\/\/rentaautoflorida.com\/","name":"Renta Auto Florida","description":"","publisher":{"@id":"https:\/\/rentaautoflorida.com\/#organization"},"potentialAction":[{"@type":"SearchAction","target":{"@type":"EntryPoint","urlTemplate":"https:\/\/rentaautoflorida.com\/?s={search_term_string}"},"query-input":{"@type":"PropertyValueSpecification","valueRequired":true,"valueName":"search_term_string"}}],"inLanguage":"af-ZA"},{"@type":"Organization","@id":"https:\/\/rentaautoflorida.com\/#organization","name":"Renta Auto Florida","url":"https:\/\/rentaautoflorida.com\/","logo":{"@type":"ImageObject","inLanguage":"af-ZA","@id":"https:\/\/rentaautoflorida.com\/#\/schema\/logo\/image\/","url":"https:\/\/rentaautoflorida.com\/wp-content\/uploads\/2024\/07\/cropped-cropped-Logo-nueva-imagen-renta-auto-florida-2.png","contentUrl":"https:\/\/rentaautoflorida.com\/wp-content\/uploads\/2024\/07\/cropped-cropped-Logo-nueva-imagen-renta-auto-florida-2.png","width":200,"height":100,"caption":"Renta Auto Florida"},"image":{"@id":"https:\/\/rentaautoflorida.com\/#\/schema\/logo\/image\/"}}]}},"_links":{"self":[{"href":"https:\/\/rentaautoflorida.com\/af\/wp-json\/wp\/v2\/pages\/887","targetHints":{"allow":["GET"]}}],"collection":[{"href":"https:\/\/rentaautoflorida.com\/af\/wp-json\/wp\/v2\/pages"}],"about":[{"href":"https:\/\/rentaautoflorida.com\/af\/wp-json\/wp\/v2\/types\/page"}],"author":[{"embeddable":true,"href":"https:\/\/rentaautoflorida.com\/af\/wp-json\/wp\/v2\/users\/1"}],"replies":[{"embeddable":true,"href":"https:\/\/rentaautoflorida.com\/af\/wp-json\/wp\/v2\/comments?post=887"}],"version-history":[{"count":16,"href":"https:\/\/rentaautoflorida.com\/af\/wp-json\/wp\/v2\/pages\/887\/revisions"}],"predecessor-version":[{"id":913,"href":"https:\/\/rentaautoflorida.com\/af\/wp-json\/wp\/v2\/pages\/887\/revisions\/913"}],"wp:attachment":[{"href":"https:\/\/rentaautoflorida.com\/af\/wp-json\/wp\/v2\/media?parent=887"}],"curies":[{"name":"wp","href":"https:\/\/api.w.org\/{rel}","templated":true}]}}